{"id":39936,"date":"2023-02-14T23:46:51","date_gmt":"2023-02-14T23:46:51","guid":{"rendered":"https:\/\/inticash.com\/?page_id=39936"},"modified":"2024-01-13T04:11:36","modified_gmt":"2024-01-13T04:11:36","slug":"39936-2","status":"publish","type":"page","link":"https:\/\/inticash.com.pe\/es\/39936-2\/","title":{"rendered":"Comparar"},"content":{"rendered":"<div class=\"wpb-content-wrapper\"><div class=\"vc_row wpb_row vc_row-fluid\"><div class=\"wpb_column vc_column_container vc_col-sm-12\"><div class=\"vc_column-inner\"><div class=\"wpb_wrapper\">\t\t<p class=\"wd-empty-compare wd-empty-page\">\n\t\t\tCompare list is empty.\t\t<\/p>\n\t\t\t\t\t<div class=\"wd-empty-page-text\">\n\t\t\t\tNo se agregaron productos en la lista de comparaci\u00f3n. Debes agregar algunos productos para compararlos.<br> Encontrar\u00e1s muchos productos interesantes en nuestra p\u00e1gina \"Tienda\".\t\t\t<\/div>\n\t\t\t\t<p class=\"return-to-shop\">\n\t\t\t<a class=\"button\" href=\"https:\/\/inticash.com.pe\/es\/shop\/\">\n\t\t\t\tReturn to shop\t\t\t<\/a>\n\t\t<\/p>\n\t\t<\/div><\/div><\/div><\/div>\n<\/div>","protected":false},"excerpt":{"rendered":"Compare list is empty. No se agregaron productos en la lista de comparaci\u00f3n. Debes agregar algunos productos para compararlos. Encontrar\u00e1s","protected":false},"author":9,"featured_media":0,"parent":0,"menu_order":0,"comment_status":"closed","ping_status":"closed","template":"","meta":{"footnotes":""},"class_list":["post-39936","page","type-page","status-publish","hentry"],"aioseo_notices":[],"_links":{"self":[{"href":"https:\/\/inticash.com.pe\/es\/wp-json\/wp\/v2\/pages\/39936","targetHints":{"allow":["GET"]}}],"collection":[{"href":"https:\/\/inticash.com.pe\/es\/wp-json\/wp\/v2\/pages"}],"about":[{"href":"https:\/\/inticash.com.pe\/es\/wp-json\/wp\/v2\/types\/page"}],"author":[{"embeddable":true,"href":"https:\/\/inticash.com.pe\/es\/wp-json\/wp\/v2\/users\/9"}],"replies":[{"embeddable":true,"href":"https:\/\/inticash.com.pe\/es\/wp-json\/wp\/v2\/comments?post=39936"}],"version-history":[{"count":8,"href":"https:\/\/inticash.com.pe\/es\/wp-json\/wp\/v2\/pages\/39936\/revisions"}],"predecessor-version":[{"id":66465,"href":"https:\/\/inticash.com.pe\/es\/wp-json\/wp\/v2\/pages\/39936\/revisions\/66465"}],"wp:attachment":[{"href":"https:\/\/inticash.com.pe\/es\/wp-json\/wp\/v2\/media?parent=39936"}],"curies":[{"name":"wp","href":"https:\/\/api.w.org\/{rel}","templated":true}]}}