{"id":61017,"date":"2023-12-12T19:57:24","date_gmt":"2023-12-12T19:57:24","guid":{"rendered":"https:\/\/inticash.com\/?page_id=61017"},"modified":"2023-12-12T20:38:34","modified_gmt":"2023-12-12T20:38:34","slug":"responsabilidad-social","status":"publish","type":"page","link":"https:\/\/inticash.com.pe\/es\/responsabilidad-social\/","title":{"rendered":"Responsabilidad Social"},"content":{"rendered":"<figure class=\"wp-block-image size-large\"><img loading=\"lazy\" decoding=\"async\" width=\"1300\" height=\"653\" src=\"https:\/\/inticash.com.pe\/wp-content\/uploads\/2023\/12\/Captura-de-pantalla-2023-12-12-a-las-11.52.13-1-1300x653.png\" alt=\"\" class=\"wp-image-61028\" srcset=\"https:\/\/inticash.com.pe\/wp-content\/uploads\/2023\/12\/Captura-de-pantalla-2023-12-12-a-las-11.52.13-1-1300x653.png 1300w, https:\/\/inticash.com.pe\/wp-content\/uploads\/2023\/12\/Captura-de-pantalla-2023-12-12-a-las-11.52.13-1-400x201.png 400w, https:\/\/inticash.com.pe\/wp-content\/uploads\/2023\/12\/Captura-de-pantalla-2023-12-12-a-las-11.52.13-1-768x386.png 768w, https:\/\/inticash.com.pe\/wp-content\/uploads\/2023\/12\/Captura-de-pantalla-2023-12-12-a-las-11.52.13-1-1536x772.png 1536w, https:\/\/inticash.com.pe\/wp-content\/uploads\/2023\/12\/Captura-de-pantalla-2023-12-12-a-las-11.52.13-1-2048x1029.png 2048w, https:\/\/inticash.com.pe\/wp-content\/uploads\/2023\/12\/Captura-de-pantalla-2023-12-12-a-las-11.52.13-1-18x9.png 18w, https:\/\/inticash.com.pe\/wp-content\/uploads\/2023\/12\/Captura-de-pantalla-2023-12-12-a-las-11.52.13-1-1080x543.png 1080w, https:\/\/inticash.com.pe\/wp-content\/uploads\/2023\/12\/Captura-de-pantalla-2023-12-12-a-las-11.52.13-1-150x75.png 150w\" sizes=\"auto, (max-width: 1300px) 100vw, 1300px\" \/><\/figure>\n\n\n\n<p>En Inticash Peru, no solo estamos comprometidos con ofrecer productos y servicios de alta calidad, sino que tambi\u00e9n creemos en devolver a la comunidad y marcar una diferencia positiva en la sociedad. Una de las formas en que hacemos esto es a trav\u00e9s de nuestro apoyo continuo a la Fundaci\u00f3n Lupines en Colombia.<\/p>\n\n\n\n<p><strong>Fundaci\u00f3n Lupines<\/strong><\/p>\n\n\n\n<p>La Fundaci\u00f3n Lupines es una entidad sin \u00e1nimo de lucro legalmente establecida en febrero de 2004. Desde entonces, la Fundaci\u00f3n se ha dedicado a proporcionar servicios de rehabilitaci\u00f3n integral en las \u00e1reas de Fonoaudiolog\u00eda, Fisioterapia, Terapia Ocupacional, Nutrici\u00f3n y Diet\u00e9tica, y Psicolog\u00eda. Adem\u00e1s, se habilit\u00f3 como IPS en el a\u00f1o 2010 por la Direcci\u00f3n Seccional de Salud de Antioquia.<\/p>\n\n\n\n<p><strong>Nuestra Misi\u00f3n:<\/strong><\/p>\n\n\n\n<p>En la Fundaci\u00f3n Lupines, creemos en la inclusi\u00f3n y el bienestar de ni\u00f1as, ni\u00f1os y adolescentes con funcionalidades diversas. Nuestra misi\u00f3n es derribar las barreras que los a\u00edslan de un mundo lleno de oportunidades emocionantes y desaf\u00edos. Nos centramos en la importancia de la familia como un eje fundamental en este proceso.<\/p>\n\n\n\n<p><strong>Enlace a la Fundaci\u00f3n Lupines:<\/strong><\/p>\n\n\n\n<p><a href=\"https:\/\/lupines.org\/\" target=\"_blank\" rel=\"noopener\" title=\"\">https:\/\/lupines.org\/<\/a><\/p>\n\n\n\n<p><strong>Nuestro Compromiso:<\/strong><\/p>\n\n\n\n<p>En Inticash Peru, compartimos los valores y la visi\u00f3n de la Fundaci\u00f3n Lupines. Creemos en la importancia de brindar servicios personalizados, continuos, integrales y din\u00e1micos. Trabajamos en estrecha colaboraci\u00f3n con la Fundaci\u00f3n para apoyar sus esfuerzos en la inclusi\u00f3n y rehabilitaci\u00f3n de ni\u00f1as, ni\u00f1os y adolescentes con funcionalidades diversas.<\/p>\n\n\n\n<p><strong>C\u00f3mo Puedes Ayudar:<\/strong><\/p>\n\n\n\n<p>Bienvenido a la secci\u00f3n donde puedes ser parte activa de la transformaci\u00f3n en la vida de los ni\u00f1os con lesi\u00f3n cerebral. Tu apoyo es esencial para continuar brindando esperanza y oportunidades. Descubre las diferentes formas en que puedes contribuir y marca la diferencia.<\/p>\n\n\n\n<div class=\"wp-block-buttons is-layout-flex wp-block-buttons-is-layout-flex\">\n<div class=\"wp-block-button\"><a class=\"wp-block-button__link wp-element-button\" href=\"https:\/\/www.zonapagos.net\/formulariosNV\/?cod=BTK3a53qAPJK5dFzuUb9xsbt140SHF%2Fco6ZtIfW7C2jpcESr%2BxgwYh6UwWCeH5%2F9sE9yDnZn3mwXedf9f3%2FNGZYmWp5pG%2FMdEWifyKYJgD3kYoRAAeM42uB2e8NQCOdHieTxNELbuwFqCOkveHn2HTMsFPAqKkP7oQb3lDN5Cb5O4TDlT67MTlMvb4SaBXcjBkB8%2FaLjYysmVjzesNaATaqb1Dx%2FBkSXScoi59rk%2Be5Rglxjv57ozIW0ZZpoujk9jfZ48nOfqPHLrK%2BR3ftg%2BA%3D%3D\" target=\"_blank\" rel=\"noreferrer noopener\">Donaciones<\/a><\/div>\n<\/div>\n\n\n\n<p><strong>Agradecemos tu apoyo:<\/strong><\/p>\n\n\n\n<p>Gracias por ser parte de nuestra iniciativa de responsabilidad social y ayudarnos a marcar la diferencia en las vidas de aquellos que m\u00e1s lo necesitan. Juntos, podemos lograr un impacto positivo en la sociedad y trabajar hacia un futuro m\u00e1s inclusivo y equitativo.<\/p>\n\n\n\n<figure class=\"wp-block-image aligncenter size-large is-resized\"><img decoding=\"async\" src=\"https:\/\/assets.zyrosite.com\/cdn-cgi\/image\/format=auto,w=1006,h=672,fit=crop\/mnl72JOV2MF7aRGB\/lupines-YKboPX2V7jSD9vKW.png\" alt=\"\" style=\"width:369px;height:auto\"\/><\/figure>","protected":false},"excerpt":{"rendered":"<p>En Inticash Peru, no solo estamos comprometidos con ofrecer productos y servicios de alta calidad, sino que tambi\u00e9n creemos en<\/p>","protected":false},"author":6,"featured_media":61018,"parent":0,"menu_order":0,"comment_status":"closed","ping_status":"closed","template":"","meta":{"footnotes":""},"class_list":["post-61017","page","type-page","status-publish","has-post-thumbnail","hentry"],"aioseo_notices":[],"_links":{"self":[{"href":"https:\/\/inticash.com.pe\/es\/wp-json\/wp\/v2\/pages\/61017","targetHints":{"allow":["GET"]}}],"collection":[{"href":"https:\/\/inticash.com.pe\/es\/wp-json\/wp\/v2\/pages"}],"about":[{"href":"https:\/\/inticash.com.pe\/es\/wp-json\/wp\/v2\/types\/page"}],"author":[{"embeddable":true,"href":"https:\/\/inticash.com.pe\/es\/wp-json\/wp\/v2\/users\/6"}],"replies":[{"embeddable":true,"href":"https:\/\/inticash.com.pe\/es\/wp-json\/wp\/v2\/comments?post=61017"}],"version-history":[{"count":9,"href":"https:\/\/inticash.com.pe\/es\/wp-json\/wp\/v2\/pages\/61017\/revisions"}],"predecessor-version":[{"id":61032,"href":"https:\/\/inticash.com.pe\/es\/wp-json\/wp\/v2\/pages\/61017\/revisions\/61032"}],"wp:featuredmedia":[{"embeddable":true,"href":"https:\/\/inticash.com.pe\/es\/wp-json\/wp\/v2\/media\/61018"}],"wp:attachment":[{"href":"https:\/\/inticash.com.pe\/es\/wp-json\/wp\/v2\/media?parent=61017"}],"curies":[{"name":"wp","href":"https:\/\/api.w.org\/{rel}","templated":true}]}}