{"id":66503,"date":"2024-03-04T19:32:21","date_gmt":"2024-03-04T19:32:21","guid":{"rendered":"https:\/\/inticash.com.pe\/?page_id=66503"},"modified":"2024-03-04T19:54:39","modified_gmt":"2024-03-04T19:54:39","slug":"sobre-nosotros-2","status":"publish","type":"page","link":"https:\/\/inticash.com.pe\/es\/sobre-nosotros-2\/","title":{"rendered":"TRABAJA CON NOSOTROS"},"content":{"rendered":"<figure class=\"wp-block-image aligncenter size-full is-resized\"><img loading=\"lazy\" decoding=\"async\" width=\"1024\" height=\"490\" src=\"https:\/\/inticash.com.pe.pe\/wp-content\/uploads\/2024\/03\/Foto-atencion.jpg\" alt=\"\" class=\"wp-image-66504\" style=\"width:759px;height:auto\" srcset=\"https:\/\/inticash.com.pe\/wp-content\/uploads\/2024\/03\/Foto-atencion.jpg 1024w, https:\/\/inticash.com.pe\/wp-content\/uploads\/2024\/03\/Foto-atencion-400x191.jpg 400w, https:\/\/inticash.com.pe\/wp-content\/uploads\/2024\/03\/Foto-atencion-768x368.jpg 768w, https:\/\/inticash.com.pe\/wp-content\/uploads\/2024\/03\/Foto-atencion-18x9.jpg 18w, https:\/\/inticash.com.pe\/wp-content\/uploads\/2024\/03\/Foto-atencion-150x72.jpg 150w\" sizes=\"auto, (max-width: 1024px) 100vw, 1024px\" \/><\/figure>\n\n\n\n<p>Inticash es una empresa l\u00edder en el sur del Per\u00fa , en la fabricaci\u00f3n\u00a0 de momentos que queden marcados por el tiempo y la eternidad de las joyas que acompa\u00f1aran a su portador, brind\u00e1ndoles calidad y garant\u00eda, as\u00ed como tambi\u00e9n damos a nuestros clientes las mejores soluciones en efectivo inmediato por joyas de oro.<\/p>\n\n\n\n<p>En Inticash, creemos en el poder de las joyas para transmitir emociones y crear momentos inolvidables. Si eres un apasionado de la joyer\u00eda y quieres formar parte de un equipo dedicado a la creaci\u00f3n de piezas excepcionales, te invitamos a unirte a nuestra familia.<\/p>\n\n\n\n<div class=\"wp-block-media-text is-stacked-on-mobile\" style=\"grid-template-columns:15% auto\"><figure class=\"wp-block-media-text__media\"><img loading=\"lazy\" decoding=\"async\" width=\"312\" height=\"550\" src=\"https:\/\/inticash.com.pe.pe\/wp-content\/uploads\/2024\/03\/Image1.jpg\" alt=\"\" class=\"wp-image-66508 size-full\" srcset=\"https:\/\/inticash.com.pe\/wp-content\/uploads\/2024\/03\/Image1.jpg 312w, https:\/\/inticash.com.pe\/wp-content\/uploads\/2024\/03\/Image1-170x300.jpg 170w, https:\/\/inticash.com.pe\/wp-content\/uploads\/2024\/03\/Image1-7x12.jpg 7w, https:\/\/inticash.com.pe\/wp-content\/uploads\/2024\/03\/Image1-150x264.jpg 150w\" sizes=\"auto, (max-width: 312px) 100vw, 312px\" \/><\/figure><div class=\"wp-block-media-text__content\">\n<p> &nbsp;<strong>Nuestros productos y servicios son los siguientes:<\/strong><\/p>\n\n\n\n<p>&nbsp; \u2022Cr\u00e9dito prendario por joyas de oro y plata.<br>&nbsp; \u2022Cr\u00e9dito prendario por relojer\u00eda de alta gama, electr\u00f3nicos y&nbsp; &nbsp; &nbsp;gemas.<br>&nbsp; \u2022Venta de joyas de oro y plata<br>&nbsp; \u2022Venta de relojer\u00eda<br>&nbsp; \u2022Servicio de fabricaci\u00f3n de joyas de oro personalizadas<br>&nbsp; \u2022Servicio de refacci\u00f3n de joyas<br>&nbsp; \u2022Servicio de resguardo de joyas<br><\/p>\n<\/div><\/div>\n\n\n\n<p><br><br><\/p>\n\n\n\n<p><strong>Premiamos el esfuerzo de nuestros colaboradores<\/strong><\/p>\n\n\n\n<p>En Inticash, recompensamos el esfuerzo y dedicaci\u00f3n de nuestro equipo con diversos incentivos. Esto incluye reconocimientos por logros destacados, cenas para fomentar el compa\u00f1erismo, actividades recreativas para un equilibrio saludable y horas de descanso para revitalizar la productividad. Valoramos a nuestro personal y su bienestar.<\/p>\n\n\n\n<figure class=\"wp-block-image aligncenter size-full is-resized\"><img loading=\"lazy\" decoding=\"async\" width=\"1024\" height=\"629\" src=\"https:\/\/inticash.com.pe.pe\/wp-content\/uploads\/2024\/03\/colabs.jpg\" alt=\"\" class=\"wp-image-66509\" style=\"width:772px;height:auto\" srcset=\"https:\/\/inticash.com.pe\/wp-content\/uploads\/2024\/03\/colabs.jpg 1024w, https:\/\/inticash.com.pe\/wp-content\/uploads\/2024\/03\/colabs-400x246.jpg 400w, https:\/\/inticash.com.pe\/wp-content\/uploads\/2024\/03\/colabs-768x472.jpg 768w, https:\/\/inticash.com.pe\/wp-content\/uploads\/2024\/03\/colabs-18x12.jpg 18w, https:\/\/inticash.com.pe\/wp-content\/uploads\/2024\/03\/colabs-150x92.jpg 150w\" sizes=\"auto, (max-width: 1024px) 100vw, 1024px\" \/><\/figure>\n\n\n\n<p><strong><br>Capacitaciones constantes:<br><br><\/strong>En Inticash, invertimos en el crecimiento de nuestros colaboradores. Ofrecemos capacitaciones constantes y hemos desarrollado un aula virtual dedicada a fortalecer sus habilidades y conocimientos. Valoramos el desarrollo profesional de nuestro equipo y les proporcionamos las herramientas necesarias para alcanzar el \u00e9xito en su carrera dentro de la empresa.<\/p>\n\n\n\n<figure class=\"wp-block-image aligncenter size-full is-resized\"><img loading=\"lazy\" decoding=\"async\" width=\"1024\" height=\"579\" src=\"https:\/\/inticash.com.pe.pe\/wp-content\/uploads\/2024\/03\/aula.jpg\" alt=\"\" class=\"wp-image-66510\" style=\"width:727px;height:auto\" srcset=\"https:\/\/inticash.com.pe\/wp-content\/uploads\/2024\/03\/aula.jpg 1024w, https:\/\/inticash.com.pe\/wp-content\/uploads\/2024\/03\/aula-400x226.jpg 400w, https:\/\/inticash.com.pe\/wp-content\/uploads\/2024\/03\/aula-768x434.jpg 768w, https:\/\/inticash.com.pe\/wp-content\/uploads\/2024\/03\/aula-18x10.jpg 18w, https:\/\/inticash.com.pe\/wp-content\/uploads\/2024\/03\/aula-150x85.jpg 150w\" sizes=\"auto, (max-width: 1024px) 100vw, 1024px\" \/><\/figure>\n\n\n\n<p><strong><br>Certif\u00edcate:<\/strong><\/p>\n\n\n\n<p>En Inticash, priorizamos el crecimiento profesional de nuestros colaboradores. Ofrecemos capacitaciones con certificados autenticados por la empresa, brindando oportunidades de desarrollo s\u00f3lidas y reconocidas. Tu \u00e9xito es nuestra meta.<\/p>\n\n\n\n<figure class=\"wp-block-image aligncenter size-large is-resized\"><img loading=\"lazy\" decoding=\"async\" width=\"600\" height=\"800\" src=\"https:\/\/inticash.com.pe.pe\/wp-content\/uploads\/2024\/03\/certiffi-600x800.jpg\" alt=\"\" class=\"wp-image-66512\" style=\"width:337px;height:auto\" srcset=\"https:\/\/inticash.com.pe\/wp-content\/uploads\/2024\/03\/certiffi-600x800.jpg 600w, https:\/\/inticash.com.pe\/wp-content\/uploads\/2024\/03\/certiffi-225x300.jpg 225w, https:\/\/inticash.com.pe\/wp-content\/uploads\/2024\/03\/certiffi-9x12.jpg 9w, https:\/\/inticash.com.pe\/wp-content\/uploads\/2024\/03\/certiffi-150x200.jpg 150w, https:\/\/inticash.com.pe\/wp-content\/uploads\/2024\/03\/certiffi.jpg 768w\" sizes=\"auto, (max-width: 600px) 100vw, 600px\" \/><\/figure>\n\n\n\n<p><strong>Respaldo internacional<\/strong><\/p>\n\n\n\n<p>Somos una empresa con respaldo internacional, con m\u00e1s de 400 joyer\u00edas en todo Sudam\u00e9rica e iniciando actividades en Centroam\u00e9rica y Europa.<\/p>\n\n\n\n<figure class=\"wp-block-embed is-type-video is-provider-vimeo wp-block-embed-vimeo wp-embed-aspect-21-9 wp-has-aspect-ratio\"><div class=\"wp-block-embed__wrapper\">\n<iframe loading=\"lazy\" title=\"Respaldo internacional - Inticash\" src=\"https:\/\/player.vimeo.com\/video\/858060175?dnt=1&amp;app_id=122963\" width=\"500\" height=\"208\" frameborder=\"0\" allow=\"autoplay; fullscreen; picture-in-picture; clipboard-write\"><\/iframe>\n<\/div><\/figure>\n\n\n\n<p><strong><br>Postulaci\u00f3n:<\/strong><\/p>\n\n\n\n<p>Ahora que conoces m\u00e1s de nosotros, \u00a1\u00fanete a nuestro equipo en Inticash! Esperamos que compartas nuestra pasi\u00f3n por la joyer\u00eda y valores la excelencia en el servicio al cliente. \u00a1Postula hoy mismo y s\u00e9 parte de nuestra familia!<\/p>\n\n\n\n<figure class=\"wp-block-image size-full is-resized\"><a href=\"https:\/\/forms.gle\/246rKi866uY5DjvV8\" target=\"_blank\" rel=\"noreferrer noopener\"><img loading=\"lazy\" decoding=\"async\" width=\"1024\" height=\"297\" src=\"https:\/\/inticash.com.pe.pe\/wp-content\/uploads\/2024\/03\/postuilasipnm.jpg\" alt=\"\" class=\"wp-image-66513\" style=\"width:337px;height:auto\" srcset=\"https:\/\/inticash.com.pe\/wp-content\/uploads\/2024\/03\/postuilasipnm.jpg 1024w, https:\/\/inticash.com.pe\/wp-content\/uploads\/2024\/03\/postuilasipnm-400x116.jpg 400w, https:\/\/inticash.com.pe\/wp-content\/uploads\/2024\/03\/postuilasipnm-768x223.jpg 768w, https:\/\/inticash.com.pe\/wp-content\/uploads\/2024\/03\/postuilasipnm-18x5.jpg 18w, https:\/\/inticash.com.pe\/wp-content\/uploads\/2024\/03\/postuilasipnm-150x44.jpg 150w\" sizes=\"auto, (max-width: 1024px) 100vw, 1024px\" \/><\/a><\/figure>\n\n\n\n<p><a href=\"https:\/\/forms.gle\/FEa7H1MVrfbGWixC9\"><\/a><\/p>","protected":false},"excerpt":{"rendered":"<p>Inticash es una empresa l\u00edder en el sur del Per\u00fa , en la fabricaci\u00f3n\u00a0 de momentos que queden marcados por<\/p>","protected":false},"author":9,"featured_media":0,"parent":0,"menu_order":0,"comment_status":"closed","ping_status":"closed","template":"","meta":{"footnotes":""},"class_list":["post-66503","page","type-page","status-publish","hentry"],"aioseo_notices":[],"_links":{"self":[{"href":"https:\/\/inticash.com.pe\/es\/wp-json\/wp\/v2\/pages\/66503","targetHints":{"allow":["GET"]}}],"collection":[{"href":"https:\/\/inticash.com.pe\/es\/wp-json\/wp\/v2\/pages"}],"about":[{"href":"https:\/\/inticash.com.pe\/es\/wp-json\/wp\/v2\/types\/page"}],"author":[{"embeddable":true,"href":"https:\/\/inticash.com.pe\/es\/wp-json\/wp\/v2\/users\/9"}],"replies":[{"embeddable":true,"href":"https:\/\/inticash.com.pe\/es\/wp-json\/wp\/v2\/comments?post=66503"}],"version-history":[{"count":3,"href":"https:\/\/inticash.com.pe\/es\/wp-json\/wp\/v2\/pages\/66503\/revisions"}],"predecessor-version":[{"id":66517,"href":"https:\/\/inticash.com.pe\/es\/wp-json\/wp\/v2\/pages\/66503\/revisions\/66517"}],"wp:attachment":[{"href":"https:\/\/inticash.com.pe\/es\/wp-json\/wp\/v2\/media?parent=66503"}],"curies":[{"name":"wp","href":"https:\/\/api.w.org\/{rel}","templated":true}]}}