{"id":66908,"date":"2024-03-26T20:48:00","date_gmt":"2024-03-26T20:48:00","guid":{"rendered":"https:\/\/inticash.com.pe\/producto\/anillo-solitario-oro-18k-diseno-entrelazado-con-1-piedra-roja\/"},"modified":"2026-03-11T19:24:08","modified_gmt":"2026-03-11T19:24:08","slug":"anillo-solitario-oro-18k-diseno-entrelazado-con-1-piedra-roja","status":"publish","type":"product","link":"https:\/\/inticash.com.pe\/es\/producto\/anillo-solitario-oro-18k-diseno-entrelazado-con-1-piedra-roja\/","title":{"rendered":"Anillo de oro para mujer 18k dise\u00f1o solitario entrelazado con 1 circ\u00f3n rojo"},"content":{"rendered":"<p>Anillo de oro para mujer 18k dise\u00f1o solitario entrelazado con 1 circ\u00f3n rojo<\/p>","protected":false},"excerpt":{"rendered":"<p>Anillo de oro para mujer 18k dise\u00f1o solitario entrelazado con 1 circ\u00f3n rojo<\/p>","protected":false},"featured_media":66905,"template":"","meta":[],"product_brand":[],"product_cat":[2599],"product_tag":[2604,2605],"class_list":{"0":"post-66908","1":"product","2":"type-product","3":"status-publish","4":"has-post-thumbnail","6":"product_cat-anillo-solitario","7":"product_tag-06-arequipa","8":"product_tag-centro","10":"first","11":"instock","12":"sale","13":"taxable","14":"shipping-taxable","15":"purchasable","16":"product-type-simple"},"aioseo_notices":[],"_links":{"self":[{"href":"https:\/\/inticash.com.pe\/es\/wp-json\/wp\/v2\/product\/66908","targetHints":{"allow":["GET"]}}],"collection":[{"href":"https:\/\/inticash.com.pe\/es\/wp-json\/wp\/v2\/product"}],"about":[{"href":"https:\/\/inticash.com.pe\/es\/wp-json\/wp\/v2\/types\/product"}],"wp:featuredmedia":[{"embeddable":true,"href":"https:\/\/inticash.com.pe\/es\/wp-json\/wp\/v2\/media\/66905"}],"wp:attachment":[{"href":"https:\/\/inticash.com.pe\/es\/wp-json\/wp\/v2\/media?parent=66908"}],"wp:term":[{"taxonomy":"product_brand","embeddable":true,"href":"https:\/\/inticash.com.pe\/es\/wp-json\/wp\/v2\/product_brand?post=66908"},{"taxonomy":"product_cat","embeddable":true,"href":"https:\/\/inticash.com.pe\/es\/wp-json\/wp\/v2\/product_cat?post=66908"},{"taxonomy":"product_tag","embeddable":true,"href":"https:\/\/inticash.com.pe\/es\/wp-json\/wp\/v2\/product_tag?post=66908"}],"curies":[{"name":"wp","href":"https:\/\/api.w.org\/{rel}","templated":true}]}}