{"id":67574,"date":"2024-05-15T22:29:21","date_gmt":"2024-05-15T22:29:21","guid":{"rendered":"https:\/\/inticash.com.pe\/producto\/anillo-solitario-oro-18k-diseno-clasico-12\/"},"modified":"2026-03-11T19:22:28","modified_gmt":"2026-03-11T19:22:28","slug":"anillo-solitario-oro-18k-diseno-clasico-12","status":"publish","type":"product","link":"https:\/\/inticash.com.pe\/es\/producto\/anillo-solitario-oro-18k-diseno-clasico-12\/","title":{"rendered":"Anillo de oro para mujer 18k dise\u00f1o solitario con 1 circ\u00f3n transparente"},"content":{"rendered":"<p>Anillo de oro para mujer 18k dise\u00f1o solitario con 1 circ\u00f3n transparente<\/p>","protected":false},"excerpt":{"rendered":"<p>Anillo de oro para mujer 18k dise\u00f1o solitario con 1 circ\u00f3n transparente<\/p>","protected":false},"featured_media":67573,"template":"","meta":[],"product_brand":[],"product_cat":[2599],"product_tag":[2668,2669],"class_list":{"0":"post-67574","1":"product","2":"type-product","3":"status-publish","4":"has-post-thumbnail","6":"product_cat-anillo-solitario","7":"product_tag-11-lima","8":"product_tag-san-juan-de-miraflores","10":"first","11":"instock","12":"sale","13":"taxable","14":"shipping-taxable","15":"purchasable","16":"product-type-simple"},"aioseo_notices":[],"_links":{"self":[{"href":"https:\/\/inticash.com.pe\/es\/wp-json\/wp\/v2\/product\/67574","targetHints":{"allow":["GET"]}}],"collection":[{"href":"https:\/\/inticash.com.pe\/es\/wp-json\/wp\/v2\/product"}],"about":[{"href":"https:\/\/inticash.com.pe\/es\/wp-json\/wp\/v2\/types\/product"}],"wp:featuredmedia":[{"embeddable":true,"href":"https:\/\/inticash.com.pe\/es\/wp-json\/wp\/v2\/media\/67573"}],"wp:attachment":[{"href":"https:\/\/inticash.com.pe\/es\/wp-json\/wp\/v2\/media?parent=67574"}],"wp:term":[{"taxonomy":"product_brand","embeddable":true,"href":"https:\/\/inticash.com.pe\/es\/wp-json\/wp\/v2\/product_brand?post=67574"},{"taxonomy":"product_cat","embeddable":true,"href":"https:\/\/inticash.com.pe\/es\/wp-json\/wp\/v2\/product_cat?post=67574"},{"taxonomy":"product_tag","embeddable":true,"href":"https:\/\/inticash.com.pe\/es\/wp-json\/wp\/v2\/product_tag?post=67574"}],"curies":[{"name":"wp","href":"https:\/\/api.w.org\/{rel}","templated":true}]}}