{"id":68200,"date":"2024-09-10T20:13:22","date_gmt":"2024-09-10T20:13:22","guid":{"rendered":"https:\/\/inticash.com.pe\/producto\/anillo-de-quince-anos-oro-18k-diseno-corona-con-piedras-2\/"},"modified":"2026-03-11T19:19:25","modified_gmt":"2026-03-11T19:19:25","slug":"anillo-de-quince-anos-oro-18k-diseno-corona-con-piedras-2","status":"publish","type":"product","link":"https:\/\/inticash.com.pe\/es\/producto\/anillo-de-quince-anos-oro-18k-diseno-corona-con-piedras-2\/","title":{"rendered":"Anillo de oro para mujer 18k dise\u00f1o corona quincea\u00f1era con 10 circones"},"content":{"rendered":"<p>Anillo de oro para mujer 18k dise\u00f1o corona quincea\u00f1era con 10 circones<\/p>","protected":false},"excerpt":{"rendered":"<p>Anillo de oro para mujer 18k dise\u00f1o corona quincea\u00f1era con 10 circones<\/p>","protected":false},"featured_media":68199,"template":"","meta":[],"product_brand":[],"product_cat":[2601],"product_tag":[2604,2605],"class_list":{"0":"post-68200","1":"product","2":"type-product","3":"status-publish","4":"has-post-thumbnail","6":"product_cat-anillo-de-quince-anos","7":"product_tag-06-arequipa","8":"product_tag-centro","10":"first","11":"instock","12":"sale","13":"taxable","14":"shipping-taxable","15":"purchasable","16":"product-type-simple"},"aioseo_notices":[],"_links":{"self":[{"href":"https:\/\/inticash.com.pe\/es\/wp-json\/wp\/v2\/product\/68200","targetHints":{"allow":["GET"]}}],"collection":[{"href":"https:\/\/inticash.com.pe\/es\/wp-json\/wp\/v2\/product"}],"about":[{"href":"https:\/\/inticash.com.pe\/es\/wp-json\/wp\/v2\/types\/product"}],"wp:featuredmedia":[{"embeddable":true,"href":"https:\/\/inticash.com.pe\/es\/wp-json\/wp\/v2\/media\/68199"}],"wp:attachment":[{"href":"https:\/\/inticash.com.pe\/es\/wp-json\/wp\/v2\/media?parent=68200"}],"wp:term":[{"taxonomy":"product_brand","embeddable":true,"href":"https:\/\/inticash.com.pe\/es\/wp-json\/wp\/v2\/product_brand?post=68200"},{"taxonomy":"product_cat","embeddable":true,"href":"https:\/\/inticash.com.pe\/es\/wp-json\/wp\/v2\/product_cat?post=68200"},{"taxonomy":"product_tag","embeddable":true,"href":"https:\/\/inticash.com.pe\/es\/wp-json\/wp\/v2\/product_tag?post=68200"}],"curies":[{"name":"wp","href":"https:\/\/api.w.org\/{rel}","templated":true}]}}