{"id":68285,"date":"2024-09-19T15:55:55","date_gmt":"2024-09-19T15:55:55","guid":{"rendered":"https:\/\/inticash.com.pe\/producto\/cadena-para-mujer-oro-italy-750-diseno-limada-con-dije-punto-de-luz-verde-seguro-resorte\/"},"modified":"2026-03-11T19:27:02","modified_gmt":"2026-03-11T19:27:02","slug":"cadena-para-mujer-oro-italy-750-diseno-limada-con-dije-punto-de-luz-verde-seguro-resorte","status":"publish","type":"product","link":"https:\/\/inticash.com.pe\/es\/producto\/cadena-para-mujer-oro-italy-750-diseno-limada-con-dije-punto-de-luz-verde-seguro-resorte\/","title":{"rendered":"Cadena de oro para mujer 18k dise\u00f1o limada con dije punto de luz circ\u00f3n verde seguro resorte"},"content":{"rendered":"<p>Cadena de oro para mujer 18k dise\u00f1o limada con dije punto de luz circ\u00f3n verde seguro resorte<\/p>","protected":false},"excerpt":{"rendered":"<p>Cadena de oro para mujer 18k dise\u00f1o limada con dije punto de luz circ\u00f3n verde seguro resorte<\/p>","protected":false},"featured_media":68284,"template":"","meta":[],"product_brand":[],"product_cat":[2617],"product_tag":[2660,2661,2662],"class_list":{"0":"post-68285","1":"product","2":"type-product","3":"status-publish","4":"has-post-thumbnail","6":"product_cat-cadena-para-mujer","7":"product_tag-09-lima","8":"product_tag-san-luis","9":"product_tag-sb","11":"first","12":"instock","13":"sale","14":"taxable","15":"shipping-taxable","16":"purchasable","17":"product-type-simple"},"aioseo_notices":[],"_links":{"self":[{"href":"https:\/\/inticash.com.pe\/es\/wp-json\/wp\/v2\/product\/68285","targetHints":{"allow":["GET"]}}],"collection":[{"href":"https:\/\/inticash.com.pe\/es\/wp-json\/wp\/v2\/product"}],"about":[{"href":"https:\/\/inticash.com.pe\/es\/wp-json\/wp\/v2\/types\/product"}],"wp:featuredmedia":[{"embeddable":true,"href":"https:\/\/inticash.com.pe\/es\/wp-json\/wp\/v2\/media\/68284"}],"wp:attachment":[{"href":"https:\/\/inticash.com.pe\/es\/wp-json\/wp\/v2\/media?parent=68285"}],"wp:term":[{"taxonomy":"product_brand","embeddable":true,"href":"https:\/\/inticash.com.pe\/es\/wp-json\/wp\/v2\/product_brand?post=68285"},{"taxonomy":"product_cat","embeddable":true,"href":"https:\/\/inticash.com.pe\/es\/wp-json\/wp\/v2\/product_cat?post=68285"},{"taxonomy":"product_tag","embeddable":true,"href":"https:\/\/inticash.com.pe\/es\/wp-json\/wp\/v2\/product_tag?post=68285"}],"curies":[{"name":"wp","href":"https:\/\/api.w.org\/{rel}","templated":true}]}}