{"id":68439,"date":"2024-11-12T14:17:32","date_gmt":"2024-11-12T14:17:32","guid":{"rendered":"https:\/\/inticash.com.pe\/producto\/anillo-de-mujer-oro-18k-diseno-rosette-con-6-piedras-transparentes-y-1-fucsia\/"},"modified":"2026-03-11T19:16:27","modified_gmt":"2026-03-11T19:16:27","slug":"anillo-de-mujer-oro-18k-diseno-rosette-con-6-piedras-transparentes-y-1-fucsia","status":"publish","type":"product","link":"https:\/\/inticash.com.pe\/es\/producto\/anillo-de-mujer-oro-18k-diseno-rosette-con-6-piedras-transparentes-y-1-fucsia\/","title":{"rendered":"Anillo de oro para mujer 18k dise\u00f1o rosette con 6 circones transparentes y 1 circ\u00f3n rosado"},"content":{"rendered":"<p>Anillo de oro para mujer 18k dise\u00f1o rosette con 6 circones transparentes y 1 circ\u00f3n rosado<\/p>","protected":false},"excerpt":{"rendered":"<p>Anillo de oro para mujer 18k dise\u00f1o rosette con 6 circones transparentes y 1 circ\u00f3n rosado<\/p>","protected":false},"featured_media":68438,"template":"","meta":[],"product_brand":[],"product_cat":[2598],"product_tag":[2660,2661,2662],"class_list":{"0":"post-68439","1":"product","2":"type-product","3":"status-publish","4":"has-post-thumbnail","6":"product_cat-anillo-de-mujer","7":"product_tag-09-lima","8":"product_tag-san-luis","9":"product_tag-sb","11":"first","12":"instock","13":"sale","14":"taxable","15":"shipping-taxable","16":"purchasable","17":"product-type-simple"},"aioseo_notices":[],"_links":{"self":[{"href":"https:\/\/inticash.com.pe\/es\/wp-json\/wp\/v2\/product\/68439","targetHints":{"allow":["GET"]}}],"collection":[{"href":"https:\/\/inticash.com.pe\/es\/wp-json\/wp\/v2\/product"}],"about":[{"href":"https:\/\/inticash.com.pe\/es\/wp-json\/wp\/v2\/types\/product"}],"wp:featuredmedia":[{"embeddable":true,"href":"https:\/\/inticash.com.pe\/es\/wp-json\/wp\/v2\/media\/68438"}],"wp:attachment":[{"href":"https:\/\/inticash.com.pe\/es\/wp-json\/wp\/v2\/media?parent=68439"}],"wp:term":[{"taxonomy":"product_brand","embeddable":true,"href":"https:\/\/inticash.com.pe\/es\/wp-json\/wp\/v2\/product_brand?post=68439"},{"taxonomy":"product_cat","embeddable":true,"href":"https:\/\/inticash.com.pe\/es\/wp-json\/wp\/v2\/product_cat?post=68439"},{"taxonomy":"product_tag","embeddable":true,"href":"https:\/\/inticash.com.pe\/es\/wp-json\/wp\/v2\/product_tag?post=68439"}],"curies":[{"name":"wp","href":"https:\/\/api.w.org\/{rel}","templated":true}]}}