{"id":68488,"date":"2024-11-12T14:54:18","date_gmt":"2024-11-12T14:54:18","guid":{"rendered":"https:\/\/inticash.com.pe\/producto\/anillo-especial-oro-18k-diseno-basico-con-1-esmeralda-1-rubi\/"},"modified":"2026-03-11T19:25:06","modified_gmt":"2026-03-11T19:25:06","slug":"anillo-especial-oro-18k-diseno-basico-con-1-esmeralda-1-rubi","status":"publish","type":"product","link":"https:\/\/inticash.com.pe\/es\/producto\/anillo-especial-oro-18k-diseno-basico-con-1-esmeralda-1-rubi\/","title":{"rendered":"Anillo de oro para mujer 18k dise\u00f1o b\u00e1sico con 1 esmeralda y 1 rub\u00ed"},"content":{"rendered":"<p>Anillo de oro para mujer 18k dise\u00f1o b\u00e1sico con 1 esmeralda y 1 rub\u00ed<\/p>","protected":false},"excerpt":{"rendered":"<p>Anillo de oro para mujer 18k dise\u00f1o b\u00e1sico con 1 esmeralda y 1 rub\u00ed<\/p>","protected":false},"featured_media":68487,"template":"","meta":[],"product_brand":[],"product_cat":[2641],"product_tag":[2611,2605],"class_list":{"0":"post-68488","1":"product","2":"type-product","3":"status-publish","4":"has-post-thumbnail","6":"product_cat-anillo","7":"product_tag-01-tacna","8":"product_tag-centro","10":"first","11":"instock","12":"sale","13":"taxable","14":"shipping-taxable","15":"purchasable","16":"product-type-simple"},"aioseo_notices":[],"_links":{"self":[{"href":"https:\/\/inticash.com.pe\/es\/wp-json\/wp\/v2\/product\/68488","targetHints":{"allow":["GET"]}}],"collection":[{"href":"https:\/\/inticash.com.pe\/es\/wp-json\/wp\/v2\/product"}],"about":[{"href":"https:\/\/inticash.com.pe\/es\/wp-json\/wp\/v2\/types\/product"}],"wp:featuredmedia":[{"embeddable":true,"href":"https:\/\/inticash.com.pe\/es\/wp-json\/wp\/v2\/media\/68487"}],"wp:attachment":[{"href":"https:\/\/inticash.com.pe\/es\/wp-json\/wp\/v2\/media?parent=68488"}],"wp:term":[{"taxonomy":"product_brand","embeddable":true,"href":"https:\/\/inticash.com.pe\/es\/wp-json\/wp\/v2\/product_brand?post=68488"},{"taxonomy":"product_cat","embeddable":true,"href":"https:\/\/inticash.com.pe\/es\/wp-json\/wp\/v2\/product_cat?post=68488"},{"taxonomy":"product_tag","embeddable":true,"href":"https:\/\/inticash.com.pe\/es\/wp-json\/wp\/v2\/product_tag?post=68488"}],"curies":[{"name":"wp","href":"https:\/\/api.w.org\/{rel}","templated":true}]}}