{"id":68532,"date":"2024-11-12T15:07:20","date_gmt":"2024-11-12T15:07:20","guid":{"rendered":"https:\/\/inticash.com.pe\/producto\/pulsera-para-mujer-oro-18k-diseno-mallorquina-con-dije-nino-seguro-resorte\/"},"modified":"2026-03-11T19:26:02","modified_gmt":"2026-03-11T19:26:02","slug":"pulsera-para-mujer-oro-18k-diseno-mallorquina-con-dije-nino-seguro-resorte","status":"publish","type":"product","link":"https:\/\/inticash.com.pe\/es\/producto\/pulsera-para-mujer-oro-18k-diseno-mallorquina-con-dije-nino-seguro-resorte\/","title":{"rendered":"Pulsera de oro para mujer 18k dise\u00f1o mallorquina con dije ni\u00f1o seguro resorte"},"content":{"rendered":"<p>Pulsera de oro para mujer 18k dise\u00f1o mallorquina con dije ni\u00f1o seguro resorte<\/p>","protected":false},"excerpt":{"rendered":"<p>Pulsera de oro para mujer 18k dise\u00f1o mallorquina con dije ni\u00f1o seguro resorte<\/p>","protected":false},"featured_media":68531,"template":"","meta":[],"product_brand":[],"product_cat":[2608],"product_tag":[2660,2661,2662],"class_list":{"0":"post-68532","1":"product","2":"type-product","3":"status-publish","4":"has-post-thumbnail","6":"product_cat-pulsera-para-mujer","7":"product_tag-09-lima","8":"product_tag-san-luis","9":"product_tag-sb","11":"first","12":"outofstock","13":"sale","14":"taxable","15":"shipping-taxable","16":"purchasable","17":"product-type-simple"},"aioseo_notices":[],"_links":{"self":[{"href":"https:\/\/inticash.com.pe\/es\/wp-json\/wp\/v2\/product\/68532","targetHints":{"allow":["GET"]}}],"collection":[{"href":"https:\/\/inticash.com.pe\/es\/wp-json\/wp\/v2\/product"}],"about":[{"href":"https:\/\/inticash.com.pe\/es\/wp-json\/wp\/v2\/types\/product"}],"wp:featuredmedia":[{"embeddable":true,"href":"https:\/\/inticash.com.pe\/es\/wp-json\/wp\/v2\/media\/68531"}],"wp:attachment":[{"href":"https:\/\/inticash.com.pe\/es\/wp-json\/wp\/v2\/media?parent=68532"}],"wp:term":[{"taxonomy":"product_brand","embeddable":true,"href":"https:\/\/inticash.com.pe\/es\/wp-json\/wp\/v2\/product_brand?post=68532"},{"taxonomy":"product_cat","embeddable":true,"href":"https:\/\/inticash.com.pe\/es\/wp-json\/wp\/v2\/product_cat?post=68532"},{"taxonomy":"product_tag","embeddable":true,"href":"https:\/\/inticash.com.pe\/es\/wp-json\/wp\/v2\/product_tag?post=68532"}],"curies":[{"name":"wp","href":"https:\/\/api.w.org\/{rel}","templated":true}]}}