{"id":68635,"date":"2024-11-12T22:26:48","date_gmt":"2024-11-12T22:26:48","guid":{"rendered":"https:\/\/inticash.com.pe\/producto\/aretes-para-bebe-oro-18k-diseno-abridores-hello-kitty-seguro-tambor-2\/"},"modified":"2026-03-11T19:18:22","modified_gmt":"2026-03-11T19:18:22","slug":"aretes-para-bebe-oro-18k-diseno-abridores-hello-kitty-seguro-tambor-2","status":"publish","type":"product","link":"https:\/\/inticash.com.pe\/es\/producto\/aretes-para-bebe-oro-18k-diseno-abridores-hello-kitty-seguro-tambor-2\/","title":{"rendered":"Aretes de oro para beb\u00e9 18k dise\u00f1o abridores Hello Kitty seguro tambor"},"content":{"rendered":"<p>Aretes de oro para beb\u00e9 18k dise\u00f1o abridores Hello Kitty seguro tambor <\/p>","protected":false},"excerpt":{"rendered":"<p>Aretes de oro para beb\u00e9 18k dise\u00f1o abridores Hello Kitty seguro tambor<\/p>","protected":false},"featured_media":68634,"template":"","meta":[],"product_brand":[],"product_cat":[2638],"product_tag":[2668,2669],"class_list":{"0":"post-68635","1":"product","2":"type-product","3":"status-publish","4":"has-post-thumbnail","6":"product_cat-aretes-para-bebe","7":"product_tag-11-lima","8":"product_tag-san-juan-de-miraflores","10":"first","11":"instock","12":"sale","13":"taxable","14":"shipping-taxable","15":"purchasable","16":"product-type-simple"},"aioseo_notices":[],"_links":{"self":[{"href":"https:\/\/inticash.com.pe\/es\/wp-json\/wp\/v2\/product\/68635","targetHints":{"allow":["GET"]}}],"collection":[{"href":"https:\/\/inticash.com.pe\/es\/wp-json\/wp\/v2\/product"}],"about":[{"href":"https:\/\/inticash.com.pe\/es\/wp-json\/wp\/v2\/types\/product"}],"wp:featuredmedia":[{"embeddable":true,"href":"https:\/\/inticash.com.pe\/es\/wp-json\/wp\/v2\/media\/68634"}],"wp:attachment":[{"href":"https:\/\/inticash.com.pe\/es\/wp-json\/wp\/v2\/media?parent=68635"}],"wp:term":[{"taxonomy":"product_brand","embeddable":true,"href":"https:\/\/inticash.com.pe\/es\/wp-json\/wp\/v2\/product_brand?post=68635"},{"taxonomy":"product_cat","embeddable":true,"href":"https:\/\/inticash.com.pe\/es\/wp-json\/wp\/v2\/product_cat?post=68635"},{"taxonomy":"product_tag","embeddable":true,"href":"https:\/\/inticash.com.pe\/es\/wp-json\/wp\/v2\/product_tag?post=68635"}],"curies":[{"name":"wp","href":"https:\/\/api.w.org\/{rel}","templated":true}]}}