{"id":68671,"date":"2024-11-12T22:37:34","date_gmt":"2024-11-12T22:37:34","guid":{"rendered":"https:\/\/inticash.com.pe\/producto\/pulsera-para-hombre-oro-18k-diseno-figaro-x1\/"},"modified":"2026-03-11T19:29:01","modified_gmt":"2026-03-11T19:29:01","slug":"pulsera-para-hombre-oro-18k-diseno-figaro-x1","status":"publish","type":"product","link":"https:\/\/inticash.com.pe\/es\/producto\/pulsera-para-hombre-oro-18k-diseno-figaro-x1\/","title":{"rendered":"Pulsera de oro para hombre 18k dise\u00f1o f\u00edgaro 3&#215;1"},"content":{"rendered":"<p>Pulsera de oro para hombre 18k dise\u00f1o f\u00edgaro 3&#215;1<\/p>","protected":false},"excerpt":{"rendered":"<p>Pulsera de oro para hombre 18k dise\u00f1o f\u00edgaro 3&#215;1<\/p>","protected":false},"featured_media":68670,"template":"","meta":[],"product_brand":[],"product_cat":[2609],"product_tag":[2604,2605],"class_list":{"0":"post-68671","1":"product","2":"type-product","3":"status-publish","4":"has-post-thumbnail","6":"product_cat-pulsera-para-hombre","7":"product_tag-06-arequipa","8":"product_tag-centro","10":"first","11":"instock","12":"sale","13":"taxable","14":"shipping-taxable","15":"purchasable","16":"product-type-simple"},"aioseo_notices":[],"_links":{"self":[{"href":"https:\/\/inticash.com.pe\/es\/wp-json\/wp\/v2\/product\/68671","targetHints":{"allow":["GET"]}}],"collection":[{"href":"https:\/\/inticash.com.pe\/es\/wp-json\/wp\/v2\/product"}],"about":[{"href":"https:\/\/inticash.com.pe\/es\/wp-json\/wp\/v2\/types\/product"}],"wp:featuredmedia":[{"embeddable":true,"href":"https:\/\/inticash.com.pe\/es\/wp-json\/wp\/v2\/media\/68670"}],"wp:attachment":[{"href":"https:\/\/inticash.com.pe\/es\/wp-json\/wp\/v2\/media?parent=68671"}],"wp:term":[{"taxonomy":"product_brand","embeddable":true,"href":"https:\/\/inticash.com.pe\/es\/wp-json\/wp\/v2\/product_brand?post=68671"},{"taxonomy":"product_cat","embeddable":true,"href":"https:\/\/inticash.com.pe\/es\/wp-json\/wp\/v2\/product_cat?post=68671"},{"taxonomy":"product_tag","embeddable":true,"href":"https:\/\/inticash.com.pe\/es\/wp-json\/wp\/v2\/product_tag?post=68671"}],"curies":[{"name":"wp","href":"https:\/\/api.w.org\/{rel}","templated":true}]}}