{"id":68816,"date":"2024-11-28T16:49:25","date_gmt":"2024-11-28T16:49:25","guid":{"rendered":"https:\/\/inticash.com.pe\/producto\/anillo-de-oro-para-mujer-18k-diseno-pave-con-13-piedras\/"},"modified":"2026-03-11T19:30:11","modified_gmt":"2026-03-11T19:30:11","slug":"anillo-de-oro-para-mujer-18k-diseno-pave-con-13-piedras","status":"publish","type":"product","link":"https:\/\/inticash.com.pe\/es\/producto\/anillo-de-oro-para-mujer-18k-diseno-pave-con-13-piedras\/","title":{"rendered":"Anillo de oro para mujer 18k dise\u00f1o Pav\u00e9 con 13 piedras"},"content":{"rendered":"<p>Anillo de oro para mujer 18k dise\u00f1o Pav\u00e9 con 13 piedras<\/p>","protected":false},"excerpt":{"rendered":"<p>Anillo de oro para mujer 18k dise\u00f1o Pav\u00e9 con 13 piedras<\/p>","protected":false},"featured_media":68815,"template":"","meta":[],"product_brand":[],"product_cat":[2598],"product_tag":[2635,2605],"class_list":{"0":"post-68816","1":"product","2":"type-product","3":"status-publish","4":"has-post-thumbnail","6":"product_cat-anillo-de-mujer","7":"product_tag-02-ilo","8":"product_tag-centro","10":"first","11":"instock","12":"sale","13":"taxable","14":"shipping-taxable","15":"purchasable","16":"product-type-simple"},"aioseo_notices":[],"_links":{"self":[{"href":"https:\/\/inticash.com.pe\/es\/wp-json\/wp\/v2\/product\/68816","targetHints":{"allow":["GET"]}}],"collection":[{"href":"https:\/\/inticash.com.pe\/es\/wp-json\/wp\/v2\/product"}],"about":[{"href":"https:\/\/inticash.com.pe\/es\/wp-json\/wp\/v2\/types\/product"}],"wp:featuredmedia":[{"embeddable":true,"href":"https:\/\/inticash.com.pe\/es\/wp-json\/wp\/v2\/media\/68815"}],"wp:attachment":[{"href":"https:\/\/inticash.com.pe\/es\/wp-json\/wp\/v2\/media?parent=68816"}],"wp:term":[{"taxonomy":"product_brand","embeddable":true,"href":"https:\/\/inticash.com.pe\/es\/wp-json\/wp\/v2\/product_brand?post=68816"},{"taxonomy":"product_cat","embeddable":true,"href":"https:\/\/inticash.com.pe\/es\/wp-json\/wp\/v2\/product_cat?post=68816"},{"taxonomy":"product_tag","embeddable":true,"href":"https:\/\/inticash.com.pe\/es\/wp-json\/wp\/v2\/product_tag?post=68816"}],"curies":[{"name":"wp","href":"https:\/\/api.w.org\/{rel}","templated":true}]}}