{"id":68875,"date":"2024-12-02T19:17:14","date_gmt":"2024-12-02T19:17:14","guid":{"rendered":"https:\/\/inticash.com.pe\/producto\/anillo-para-mujer-oro-18k-diseno-solitario-clasico-con-1-piedra-transparente-6\/"},"modified":"2026-03-11T19:30:38","modified_gmt":"2026-03-11T19:30:38","slug":"anillo-para-mujer-oro-18k-diseno-solitario-clasico-con-1-piedra-transparente-6","status":"publish","type":"product","link":"https:\/\/inticash.com.pe\/es\/producto\/anillo-para-mujer-oro-18k-diseno-solitario-clasico-con-1-piedra-transparente-6\/","title":{"rendered":"Anillo de oro para mujer 18k dise\u00f1o solitario cl\u00e1sico con 1 piedra transparente"},"content":{"rendered":"<p>Anillo de oro para mujer 18k dise\u00f1o solitario cl\u00e1sico con 1 piedra transparente<\/p>","protected":false},"excerpt":{"rendered":"<p>Anillo de oro para mujer 18k dise\u00f1o solitario cl\u00e1sico con 1 piedra transparente<\/p>","protected":false},"featured_media":68874,"template":"","meta":[],"product_brand":[],"product_cat":[2599],"product_tag":[2604,2605],"class_list":{"0":"post-68875","1":"product","2":"type-product","3":"status-publish","4":"has-post-thumbnail","6":"product_cat-anillo-solitario","7":"product_tag-06-arequipa","8":"product_tag-centro","10":"first","11":"instock","12":"sale","13":"taxable","14":"shipping-taxable","15":"purchasable","16":"product-type-simple"},"aioseo_notices":[],"_links":{"self":[{"href":"https:\/\/inticash.com.pe\/es\/wp-json\/wp\/v2\/product\/68875","targetHints":{"allow":["GET"]}}],"collection":[{"href":"https:\/\/inticash.com.pe\/es\/wp-json\/wp\/v2\/product"}],"about":[{"href":"https:\/\/inticash.com.pe\/es\/wp-json\/wp\/v2\/types\/product"}],"wp:featuredmedia":[{"embeddable":true,"href":"https:\/\/inticash.com.pe\/es\/wp-json\/wp\/v2\/media\/68874"}],"wp:attachment":[{"href":"https:\/\/inticash.com.pe\/es\/wp-json\/wp\/v2\/media?parent=68875"}],"wp:term":[{"taxonomy":"product_brand","embeddable":true,"href":"https:\/\/inticash.com.pe\/es\/wp-json\/wp\/v2\/product_brand?post=68875"},{"taxonomy":"product_cat","embeddable":true,"href":"https:\/\/inticash.com.pe\/es\/wp-json\/wp\/v2\/product_cat?post=68875"},{"taxonomy":"product_tag","embeddable":true,"href":"https:\/\/inticash.com.pe\/es\/wp-json\/wp\/v2\/product_tag?post=68875"}],"curies":[{"name":"wp","href":"https:\/\/api.w.org\/{rel}","templated":true}]}}