{"id":69225,"date":"2025-03-27T17:18:34","date_gmt":"2025-03-27T17:18:34","guid":{"rendered":"https:\/\/inticash.com.pe\/producto\/pulsera-para-hombre-18k-eslabonada\/"},"modified":"2026-03-11T19:31:13","modified_gmt":"2026-03-11T19:31:13","slug":"pulsera-para-hombre-18k-eslabonada","status":"publish","type":"product","link":"https:\/\/inticash.com.pe\/es\/producto\/pulsera-para-hombre-18k-eslabonada\/","title":{"rendered":"Pulsera para hombre 18k dise\u00f1o eslabonada rectangular caj\u00f3n doble"},"content":{"rendered":"<p>Pulsera para hombre 18k dise\u00f1o eslabonada rectangular caj\u00f3n doble                                          <\/p>","protected":false},"excerpt":{"rendered":"<p>Pulsera para hombre 18k dise\u00f1o eslabonada rectangular caj\u00f3n doble<\/p>","protected":false},"featured_media":69224,"template":"","meta":[],"product_brand":[],"product_cat":[2609],"product_tag":[2611,2605],"class_list":{"0":"post-69225","1":"product","2":"type-product","3":"status-publish","4":"has-post-thumbnail","6":"product_cat-pulsera-para-hombre","7":"product_tag-01-tacna","8":"product_tag-centro","10":"first","11":"instock","12":"sale","13":"taxable","14":"shipping-taxable","15":"purchasable","16":"product-type-simple"},"aioseo_notices":[],"_links":{"self":[{"href":"https:\/\/inticash.com.pe\/es\/wp-json\/wp\/v2\/product\/69225","targetHints":{"allow":["GET"]}}],"collection":[{"href":"https:\/\/inticash.com.pe\/es\/wp-json\/wp\/v2\/product"}],"about":[{"href":"https:\/\/inticash.com.pe\/es\/wp-json\/wp\/v2\/types\/product"}],"wp:featuredmedia":[{"embeddable":true,"href":"https:\/\/inticash.com.pe\/es\/wp-json\/wp\/v2\/media\/69224"}],"wp:attachment":[{"href":"https:\/\/inticash.com.pe\/es\/wp-json\/wp\/v2\/media?parent=69225"}],"wp:term":[{"taxonomy":"product_brand","embeddable":true,"href":"https:\/\/inticash.com.pe\/es\/wp-json\/wp\/v2\/product_brand?post=69225"},{"taxonomy":"product_cat","embeddable":true,"href":"https:\/\/inticash.com.pe\/es\/wp-json\/wp\/v2\/product_cat?post=69225"},{"taxonomy":"product_tag","embeddable":true,"href":"https:\/\/inticash.com.pe\/es\/wp-json\/wp\/v2\/product_tag?post=69225"}],"curies":[{"name":"wp","href":"https:\/\/api.w.org\/{rel}","templated":true}]}}