{"id":69428,"date":"2025-04-01T21:53:33","date_gmt":"2025-04-01T21:53:33","guid":{"rendered":"https:\/\/inticash.com.pe\/producto\/anillo-de-oro-para-mujer-18k-sello-con-piedra-roja-y-4-transparentes\/"},"modified":"2026-03-11T19:33:02","modified_gmt":"2026-03-11T19:33:02","slug":"anillo-de-oro-para-mujer-18k-sello-con-piedra-roja-y-4-transparentes","status":"publish","type":"product","link":"https:\/\/inticash.com.pe\/es\/producto\/anillo-de-oro-para-mujer-18k-sello-con-piedra-roja-y-4-transparentes\/","title":{"rendered":"Anillo de oro para mujer 18K dise\u00f1o sello calado con 1 circ\u00f3n rojo c\u00fabico y 4 circones transparentes"},"content":{"rendered":"<p>Anillo de oro para mujer 18K dise\u00f1o sello calado con 1 circ\u00f3n rojo c\u00fabico y 4 circones transparentes                                          <\/p>","protected":false},"excerpt":{"rendered":"<p>Anillo de oro para mujer 18K dise\u00f1o sello calado con 1 circ\u00f3n rojo c\u00fabico y 4 circones transparentes<\/p>","protected":false},"featured_media":69427,"template":"","meta":[],"product_brand":[],"product_cat":[2598],"product_tag":[2606,2605],"class_list":{"0":"post-69428","1":"product","2":"type-product","3":"status-publish","4":"has-post-thumbnail","6":"product_cat-anillo-de-mujer","7":"product_tag-07-juliaca","8":"product_tag-centro","10":"first","11":"instock","12":"sale","13":"taxable","14":"shipping-taxable","15":"purchasable","16":"product-type-simple"},"aioseo_notices":[],"_links":{"self":[{"href":"https:\/\/inticash.com.pe\/es\/wp-json\/wp\/v2\/product\/69428","targetHints":{"allow":["GET"]}}],"collection":[{"href":"https:\/\/inticash.com.pe\/es\/wp-json\/wp\/v2\/product"}],"about":[{"href":"https:\/\/inticash.com.pe\/es\/wp-json\/wp\/v2\/types\/product"}],"wp:featuredmedia":[{"embeddable":true,"href":"https:\/\/inticash.com.pe\/es\/wp-json\/wp\/v2\/media\/69427"}],"wp:attachment":[{"href":"https:\/\/inticash.com.pe\/es\/wp-json\/wp\/v2\/media?parent=69428"}],"wp:term":[{"taxonomy":"product_brand","embeddable":true,"href":"https:\/\/inticash.com.pe\/es\/wp-json\/wp\/v2\/product_brand?post=69428"},{"taxonomy":"product_cat","embeddable":true,"href":"https:\/\/inticash.com.pe\/es\/wp-json\/wp\/v2\/product_cat?post=69428"},{"taxonomy":"product_tag","embeddable":true,"href":"https:\/\/inticash.com.pe\/es\/wp-json\/wp\/v2\/product_tag?post=69428"}],"curies":[{"name":"wp","href":"https:\/\/api.w.org\/{rel}","templated":true}]}}